{"id":2572,"date":"2026-01-11T20:35:53","date_gmt":"2026-01-11T20:35:53","guid":{"rendered":"https:\/\/beauteancestrale.com\/?page_id=2572"},"modified":"2026-01-14T17:16:50","modified_gmt":"2026-01-14T17:16:50","slug":"pack-intimes","status":"publish","type":"page","link":"https:\/\/beauteancestrale.com\/ar\/pack-intimes\/","title":{"rendered":"\u0645\u062c\u0645\u0648\u0639\u0629 \u0627\u0644\u0639\u0646\u0627\u064a\u0629 \u0627\u0644\u062d\u0645\u064a\u0645\u0629"},"content":{"rendered":"<div data-elementor-type=\"wp-page\" data-elementor-id=\"2572\" class=\"elementor elementor-2572\" data-elementor-post-type=\"page\">\n\t\t\t\t<div class=\"elementor-element elementor-element-ce793c1 e-flex e-con-boxed e-con e-parent\" data-id=\"ce793c1\" data-element_type=\"container\" data-e-type=\"container\">\n\t\t\t\t\t<div class=\"e-con-inner\">\n\t\t\t\t<div class=\"elementor-element elementor-element-7c136dc elementor-widget elementor-widget-wdt-shop-products\" data-id=\"7c136dc\" data-element_type=\"widget\" data-e-type=\"widget\" data-settings=\"{&quot;wdt_animation_effect&quot;:&quot;none&quot;}\" data-widget_type=\"wdt-shop-products.default\">\n\t\t\t\t<div class=\"elementor-widget-container\">\n\t\t\t\t\t<div class=\"wdt-products-container woocommerce\" ><ul class=\"products  product-style-default product-hover-fade-skinborder product-hover-image-fadeinleft product-hover-secimage-pushleft product-icongroup-hover-flipx product-content-hover-slideright product-with-space product-padding-default wdt-custom-product-style-1 false product-label-boxed false product-thumb-alignment-bottom product-thumb-iconsgroup-position-vertical vertical-position-top-right product-thumb-iconsgroup-style-bgfill-rounded product-thumb-buttonelement-style-bgfill-square product-thumb-buttonelement-stretch product-content-alignment-center product-content-iconsgroup-style-bgfill-square product-content-buttonelement-style-simple column-4\"><li class=\"product isotope-grid-sizer\"><div class=\"wdt-col wdt-col-xs-12 wdt-col-sm-6 wdt-col-md-6 wdt-col-qxlg-4 wdt-col-hxlg-3 wdt-col-lg-3\"><\/div><\/li><li class=\"product-grid-view product-with-secondary-image product type-product post-1955 status-publish first instock product_cat-intimes product_cat-pack product_cat-uncategorized product_tag-body-care product_tag-hair-care has-post-thumbnail sale shipping-taxable purchasable product-type-simple\">\n\t<div class=\"wdt-col wdt-col-xs-12 wdt-col-sm-6 wdt-col-md-6 wdt-col-qxlg-4 wdt-col-hxlg-3 wdt-col-lg-3\"><div class=\"product-wrapper\" style=\"background-color:#f4ebda;\"><div class=\"product-thumb\"><a class=\"image\" href=\"https:\/\/beauteancestrale.com\/ar\/product\/kit-hygiene-intime-eclaircissant-mousse-serum\/\" title=\"\u0645\u062c\u0645\u0648\u0639\u0629 \u0627\u0644\u0646\u0638\u0627\u0641\u0629 \u0627\u0627\u0644\u0627\u0646\u062a\u0648\u064a\u0629 \u0627\u0644\u0645\u0628\u0651\u064a\u0636\u0629 \u0631\u063a\u0648\u0629 \u0648\u0633\u064a\u0631\u0648\u0645\"><div class=\"product-thumb-overlay\" ><\/div><div class=\"primary-image\"><img decoding=\"async\" src=\"https:\/\/beauteancestrale.com\/wp-content\/uploads\/2025\/12\/KIT-2-1000x1000.png?wsr\" alt=\"Shop Primary Image\" title=\"Shop Primary Image\" \/><\/div><div class=\"secondary-image\"><img decoding=\"async\" src=\"https:\/\/beauteancestrale.com\/wp-content\/uploads\/2025\/12\/render-final-5_-1000x1000.png?wsr\" alt=\"Shop Secondary Image\" title=\"Shop Secondary Image\" \/><\/div><\/a><\/div><div class=\"product-details\"><div class=\"product-title\"><h5><a href=\"https:\/\/beauteancestrale.com\/ar\/product\/kit-hygiene-intime-eclaircissant-mousse-serum\/\">\u0645\u062c\u0645\u0648\u0639\u0629 \u0627\u0644\u0646\u0638\u0627\u0641\u0629 \u0627\u0627\u0644\u0627\u0646\u062a\u0648\u064a\u0629 \u0627\u0644\u0645\u0628\u0651\u064a\u0636\u0629 \u0631\u063a\u0648\u0629 \u0648\u0633\u064a\u0631\u0648\u0645<\/a><\/h5><\/div><div class=\"product-price\"><span class=\"price\"><del aria-hidden=\"true\"><span class=\"woocommerce-Price-amount amount\"><bdi>248,00&nbsp;<span class=\"woocommerce-Price-currencySymbol\">DH<\/span><\/bdi><\/span><\/del> <span class=\"screen-reader-text\" data-no-translation=\"\" data-trp-gettext=\"\">\u0627\u0644\u0633\u0639\u0631 \u0627\u0644\u0623\u0635\u0644\u064a \u0647\u0648: 248,00&nbsp;DH.<\/span><ins aria-hidden=\"true\"><span class=\"woocommerce-Price-amount amount\"><bdi>199,00&nbsp;<span class=\"woocommerce-Price-currencySymbol\">DH<\/span><\/bdi><\/span><\/ins><span class=\"screen-reader-text\" data-no-translation=\"\" data-trp-gettext=\"\">\u0627\u0644\u0633\u0639\u0631 \u0627\u0644\u062d\u0627\u0644\u064a \u0647\u0648: 199,00&nbsp;DH.<\/span><\/span><\/div><\/div><\/div><\/div><\/li>\n<li class=\"product-grid-view product-with-secondary-image product type-product post-1954 status-publish instock product_cat-intimes product_cat-pack product_cat-uncategorized product_tag-body-care product_tag-hair-care has-post-thumbnail sale shipping-taxable purchasable product-type-simple\">\n\t<div class=\"wdt-col wdt-col-xs-12 wdt-col-sm-6 wdt-col-md-6 wdt-col-qxlg-4 wdt-col-hxlg-3 wdt-col-lg-3\"><div class=\"product-wrapper\" style=\"background-color:#f4ebda;\"><div class=\"product-thumb\"><a class=\"image\" href=\"https:\/\/beauteancestrale.com\/ar\/product\/pack-intime-eclaircissant-gel-creme-serum\/\" title=\"\u0645\u062c\u0645\u0648\u0639\u0629 \u0627\u0644\u062a\u0641\u062a\u064a\u062d \u0627\u0627\u0644\u0627\u0646\u062a\u0648\u064a\u0629 \u062c\u0644 \u0648\u0643\u0631\u064a\u0645 \u0648\u0633\u064a\u0631\u0648\u0645\"><div class=\"product-thumb-overlay\" ><\/div><div class=\"primary-image\"><img decoding=\"async\" src=\"https:\/\/beauteancestrale.com\/wp-content\/uploads\/2025\/12\/PACK-2--1000x1000.png?wsr\" alt=\"Shop Primary Image\" title=\"Shop Primary Image\" \/><\/div><div class=\"secondary-image\"><img decoding=\"async\" src=\"https:\/\/beauteancestrale.com\/wp-content\/uploads\/2025\/12\/render-final-2_-1000x1000.png?wsr\" alt=\"Shop Secondary Image\" title=\"Shop Secondary Image\" \/><\/div><\/a><\/div><div class=\"product-details\"><div class=\"product-title\"><h5><a href=\"https:\/\/beauteancestrale.com\/ar\/product\/pack-intime-eclaircissant-gel-creme-serum\/\">\u0645\u062c\u0645\u0648\u0639\u0629 \u0627\u0644\u062a\u0641\u062a\u064a\u062d \u0627\u0627\u0644\u0627\u0646\u062a\u0648\u064a\u0629 \u062c\u0644 \u0648\u0643\u0631\u064a\u0645 \u0648\u0633\u064a\u0631\u0648\u0645<\/a><\/h5><\/div><div class=\"product-price\"><span class=\"price\"><del aria-hidden=\"true\"><span class=\"woocommerce-Price-amount amount\"><bdi>347,00&nbsp;<span class=\"woocommerce-Price-currencySymbol\">DH<\/span><\/bdi><\/span><\/del> <span class=\"screen-reader-text\" data-no-translation=\"\" data-trp-gettext=\"\">\u0627\u0644\u0633\u0639\u0631 \u0627\u0644\u0623\u0635\u0644\u064a \u0647\u0648: 347,00&nbsp;DH.<\/span><ins aria-hidden=\"true\"><span class=\"woocommerce-Price-amount amount\"><bdi>299,00&nbsp;<span class=\"woocommerce-Price-currencySymbol\">DH<\/span><\/bdi><\/span><\/ins><span class=\"screen-reader-text\" data-no-translation=\"\" data-trp-gettext=\"\">\u0627\u0644\u0633\u0639\u0631 \u0627\u0644\u062d\u0627\u0644\u064a \u0647\u0648: 299,00&nbsp;DH.<\/span><\/span><\/div><\/div><\/div><\/div><\/li>\n<li class=\"product-grid-view product-with-secondary-image product type-product post-1949 status-publish instock product_cat-intimes product_cat-pack product_cat-uncategorized product_tag-body-care product_tag-hair-care has-post-thumbnail sale shipping-taxable purchasable product-type-simple\">\n\t<div class=\"wdt-col wdt-col-xs-12 wdt-col-sm-6 wdt-col-md-6 wdt-col-qxlg-4 wdt-col-hxlg-3 wdt-col-lg-3\"><div class=\"product-wrapper\" style=\"background-color:#f4ebda;\"><div class=\"product-thumb\"><a class=\"image\" href=\"https:\/\/beauteancestrale.com\/ar\/product\/pack-confort-intime-eclaircissant-complet\/\" title=\"\u0645\u062c\u0645\u0648\u0639\u0629 \u0627\u0644\u0631\u0627\u062d\u0629 \u0627\u0627\u0644\u0627\u0646\u062a\u0648\u064a\u0629 \u0627\u0644\u0645\u0628\u0651\u064a\u0636\u0629 \u0627\u0644\u0643\u0627\u0645\u0644\u0629\"><div class=\"product-thumb-overlay\" ><\/div><div class=\"primary-image\"><img decoding=\"async\" src=\"https:\/\/beauteancestrale.com\/wp-content\/uploads\/2025\/12\/PACK-2--1000x1000.png?wsr\" alt=\"Shop Primary Image\" title=\"Shop Primary Image\" \/><\/div><div class=\"secondary-image\"><img decoding=\"async\" src=\"https:\/\/beauteancestrale.com\/wp-content\/uploads\/2025\/12\/render-final-2_-1000x1000.png?wsr\" alt=\"Shop Secondary Image\" title=\"Shop Secondary Image\" \/><\/div><\/a><\/div><div class=\"product-details\"><div class=\"product-title\"><h5><a href=\"https:\/\/beauteancestrale.com\/ar\/product\/pack-confort-intime-eclaircissant-complet\/\">\u0645\u062c\u0645\u0648\u0639\u0629 \u0627\u0644\u0631\u0627\u062d\u0629 \u0627\u0627\u0644\u0627\u0646\u062a\u0648\u064a\u0629 \u0627\u0644\u0645\u0628\u0651\u064a\u0636\u0629 \u0627\u0644\u0643\u0627\u0645\u0644\u0629<\/a><\/h5><\/div><div class=\"product-price\"><span class=\"price\"><del aria-hidden=\"true\"><span class=\"woocommerce-Price-amount amount\"><bdi>496,00&nbsp;<span class=\"woocommerce-Price-currencySymbol\">DH<\/span><\/bdi><\/span><\/del> <span class=\"screen-reader-text\" data-no-translation=\"\" data-trp-gettext=\"\">\u0627\u0644\u0633\u0639\u0631 \u0627\u0644\u0623\u0635\u0644\u064a \u0647\u0648: 496,00&nbsp;DH.<\/span><ins aria-hidden=\"true\"><span class=\"woocommerce-Price-amount amount\"><bdi>349,00&nbsp;<span class=\"woocommerce-Price-currencySymbol\">DH<\/span><\/bdi><\/span><\/ins><span class=\"screen-reader-text\" data-no-translation=\"\" data-trp-gettext=\"\">\u0627\u0644\u0633\u0639\u0631 \u0627\u0644\u062d\u0627\u0644\u064a \u0647\u0648: 349,00&nbsp;DH.<\/span><\/span><\/div><\/div><\/div><\/div><\/li>\n<li class=\"product-grid-view product-with-secondary-image product type-product post-1234 status-publish last instock product_cat-intimes product_cat-pack product_cat-uncategorized product_tag-body-care product_tag-hair-care has-post-thumbnail sale shipping-taxable purchasable product-type-simple\">\n\t<div class=\"wdt-col wdt-col-xs-12 wdt-col-sm-6 wdt-col-md-6 wdt-col-qxlg-4 wdt-col-hxlg-3 wdt-col-lg-3\"><div class=\"product-wrapper\" style=\"background-color:#f4ebda;\"><div class=\"product-thumb\"><a class=\"image\" href=\"https:\/\/beauteancestrale.com\/ar\/product\/kit-hygiene-intime-eclaircissant-gel-serum\/\" title=\"\u0645\u062c\u0645\u0648\u0639\u0629 \u0627\u0644\u0646\u0638\u0627\u0641\u0629 \u0627\u0627\u0644\u0627\u0646\u062a\u0648\u064a\u0629 \u0627\u0644\u0645\u0628\u0651\u064a\u0636\u0629 \u062c\u064a\u0644 \u0648\u0633\u064a\u0631\u0648\u0645\"><div class=\"product-thumb-overlay\" ><\/div><div class=\"primary-image\"><img decoding=\"async\" src=\"https:\/\/beauteancestrale.com\/wp-content\/uploads\/2025\/12\/KIT-2-1000x1000.png?wsr\" alt=\"Shop Primary Image\" title=\"Shop Primary Image\" \/><\/div><div class=\"secondary-image\"><img decoding=\"async\" src=\"https:\/\/beauteancestrale.com\/wp-content\/uploads\/2025\/12\/render-final-9_-1000x1000.png?wsr\" alt=\"Shop Secondary Image\" title=\"Shop Secondary Image\" \/><\/div><\/a><\/div><div class=\"product-details\"><div class=\"product-title\"><h5><a href=\"https:\/\/beauteancestrale.com\/ar\/product\/kit-hygiene-intime-eclaircissant-gel-serum\/\">\u0645\u062c\u0645\u0648\u0639\u0629 \u0627\u0644\u0646\u0638\u0627\u0641\u0629 \u0627\u0627\u0644\u0627\u0646\u062a\u0648\u064a\u0629 \u0627\u0644\u0645\u0628\u0651\u064a\u0636\u0629 \u062c\u064a\u0644 \u0648\u0633\u064a\u0631\u0648\u0645<\/a><\/h5><\/div><div class=\"product-price\"><span class=\"price\"><del aria-hidden=\"true\"><span class=\"woocommerce-Price-amount amount\"><bdi>248,00&nbsp;<span class=\"woocommerce-Price-currencySymbol\">DH<\/span><\/bdi><\/span><\/del> <span class=\"screen-reader-text\" data-no-translation=\"\" data-trp-gettext=\"\">\u0627\u0644\u0633\u0639\u0631 \u0627\u0644\u0623\u0635\u0644\u064a \u0647\u0648: 248,00&nbsp;DH.<\/span><ins aria-hidden=\"true\"><span class=\"woocommerce-Price-amount amount\"><bdi>199,00&nbsp;<span class=\"woocommerce-Price-currencySymbol\">DH<\/span><\/bdi><\/span><\/ins><span class=\"screen-reader-text\" data-no-translation=\"\" data-trp-gettext=\"\">\u0627\u0644\u0633\u0639\u0631 \u0627\u0644\u062d\u0627\u0644\u064a \u0647\u0648: 199,00&nbsp;DH.<\/span><\/span><\/div><\/div><\/div><\/div><\/li>\n<\/ul><\/div>\t\t\t\t<\/div>\n\t\t\t\t<\/div>\n\t\t\t\t\t<\/div>\n\t\t\t\t<\/div>\n\t\t\t\t<\/div>","protected":false},"excerpt":{"rendered":"<p>Kit hygi\u00e8ne intime \u00e9claircissant Mousse &#038; S\u00e9rum 248,00&nbsp;DH Original price was: 248,00&nbsp;DH.199,00&nbsp;DHCurrent price is: 199,00&nbsp;DH. Pack intime \u00e9claircissant Gel &#038; Cr\u00e8me &#038; S\u00e9rum 347,00&nbsp;DH Original price was: 347,00&nbsp;DH.299,00&nbsp;DHCurrent price is: 299,00&nbsp;DH. Pack confort intime \u00e9claircissant complet 496,00&nbsp;DH Original price was: 496,00&nbsp;DH.349,00&nbsp;DHCurrent price is: 349,00&nbsp;DH. Kit hygi\u00e8ne intime \u00e9claircissant Gel &#038; S\u00e9rum 248,00&nbsp;DH Original price was: [&hellip;]<\/p>\n","protected":false},"author":1,"featured_media":0,"parent":0,"menu_order":0,"comment_status":"closed","ping_status":"closed","template":"","meta":{"footnotes":""},"class_list":["post-2572","page","type-page","status-publish","hentry"],"_links":{"self":[{"href":"https:\/\/beauteancestrale.com\/ar\/wp-json\/wp\/v2\/pages\/2572","targetHints":{"allow":["GET"]}}],"collection":[{"href":"https:\/\/beauteancestrale.com\/ar\/wp-json\/wp\/v2\/pages"}],"about":[{"href":"https:\/\/beauteancestrale.com\/ar\/wp-json\/wp\/v2\/types\/page"}],"author":[{"embeddable":true,"href":"https:\/\/beauteancestrale.com\/ar\/wp-json\/wp\/v2\/users\/1"}],"replies":[{"embeddable":true,"href":"https:\/\/beauteancestrale.com\/ar\/wp-json\/wp\/v2\/comments?post=2572"}],"version-history":[{"count":7,"href":"https:\/\/beauteancestrale.com\/ar\/wp-json\/wp\/v2\/pages\/2572\/revisions"}],"predecessor-version":[{"id":2743,"href":"https:\/\/beauteancestrale.com\/ar\/wp-json\/wp\/v2\/pages\/2572\/revisions\/2743"}],"wp:attachment":[{"href":"https:\/\/beauteancestrale.com\/ar\/wp-json\/wp\/v2\/media?parent=2572"}],"curies":[{"name":"wp","href":"https:\/\/api.w.org\/{rel}","templated":true}]}}