{"id":2564,"date":"2026-01-11T20:33:14","date_gmt":"2026-01-11T20:33:14","guid":{"rendered":"https:\/\/beauteancestrale.com\/?page_id=2564"},"modified":"2026-01-12T16:53:48","modified_gmt":"2026-01-12T16:53:48","slug":"produits-capillaires","status":"publish","type":"page","link":"https:\/\/beauteancestrale.com\/ar\/produits-capillaires\/","title":{"rendered":"\u0627\u0644\u0639\u0646\u0627\u064a\u0629 \u0628\u0627\u0644\u0634\u0639\u0631"},"content":{"rendered":"<div data-elementor-type=\"wp-page\" data-elementor-id=\"2564\" class=\"elementor elementor-2564\" data-elementor-post-type=\"page\">\n\t\t\t\t<div class=\"elementor-element elementor-element-ce793c1 e-flex e-con-boxed e-con e-parent\" data-id=\"ce793c1\" data-element_type=\"container\" data-e-type=\"container\">\n\t\t\t\t\t<div class=\"e-con-inner\">\n\t\t\t\t<div class=\"elementor-element elementor-element-7c136dc elementor-widget elementor-widget-wdt-shop-products\" data-id=\"7c136dc\" data-element_type=\"widget\" data-e-type=\"widget\" data-settings=\"{&quot;wdt_animation_effect&quot;:&quot;none&quot;}\" data-widget_type=\"wdt-shop-products.default\">\n\t\t\t\t<div class=\"elementor-widget-container\">\n\t\t\t\t\t<div class=\"wdt-products-container woocommerce\" ><ul class=\"products  product-style-default product-hover-fade-skinborder product-hover-image-fadeinleft product-hover-secimage-pushleft product-icongroup-hover-flipx product-content-hover-slideright product-with-space product-padding-default wdt-custom-product-style-1 false product-label-boxed false product-thumb-alignment-bottom product-thumb-iconsgroup-position-vertical vertical-position-top-right product-thumb-iconsgroup-style-bgfill-rounded product-thumb-buttonelement-style-bgfill-square product-thumb-buttonelement-stretch product-content-alignment-center product-content-iconsgroup-style-bgfill-square product-content-buttonelement-style-simple column-4\"><li class=\"product isotope-grid-sizer\"><div class=\"wdt-col wdt-col-xs-12 wdt-col-sm-6 wdt-col-md-6 wdt-col-qxlg-4 wdt-col-hxlg-3 wdt-col-lg-3\"><\/div><\/li><li class=\"product-grid-view product type-product post-1983 status-publish first instock product_cat-all product_cat-blue-product product_cat-uncategorized product_tag-body-care product_tag-hair-care has-post-thumbnail shipping-taxable purchasable product-type-simple\">\n\t<div class=\"wdt-col wdt-col-xs-12 wdt-col-sm-6 wdt-col-md-6 wdt-col-qxlg-4 wdt-col-hxlg-3 wdt-col-lg-3\"><div class=\"product-wrapper\" style=\"background-color:#f4ebda;\"><div class=\"product-thumb\"><a class=\"image\" href=\"https:\/\/beauteancestrale.com\/ar\/product\/huile-de-traitement-capillaire-50ml\/\" title=\"\u0632\u064a\u062a \u0645\u0639\u0627\u0644\u062c\u0629 \u0627\u0644\u0634\u0639\u0631 50 \u0645\u0644\"><div class=\"product-thumb-overlay\" ><\/div><div class=\"primary-image\"><img decoding=\"async\" src=\"https:\/\/beauteancestrale.com\/wp-content\/uploads\/2025\/12\/render-final-3_-1000x1000.png?wsr\" alt=\"Shop Primary Image\" title=\"Shop Primary Image\" \/><\/div><\/a><\/div><div class=\"product-details\"><div class=\"product-title\"><h5><a href=\"https:\/\/beauteancestrale.com\/ar\/product\/huile-de-traitement-capillaire-50ml\/\">\u0632\u064a\u062a \u0645\u0639\u0627\u0644\u062c\u0629 \u0627\u0644\u0634\u0639\u0631 50 \u0645\u0644<\/a><\/h5><\/div><div class=\"product-price\"><span class=\"price\"><span class=\"woocommerce-Price-amount amount\"><bdi>119,00&nbsp;<span class=\"woocommerce-Price-currencySymbol\">DH<\/span><\/bdi><\/span><\/span><\/div><\/div><\/div><\/div><\/li>\n<li class=\"product-grid-view product type-product post-1982 status-publish instock product_cat-uncategorized product_cat-all product_cat-blue-product product_tag-body-care product_tag-hair-care has-post-thumbnail shipping-taxable purchasable product-type-simple\">\n\t<div class=\"wdt-col wdt-col-xs-12 wdt-col-sm-6 wdt-col-md-6 wdt-col-qxlg-4 wdt-col-hxlg-3 wdt-col-lg-3\"><div class=\"product-wrapper\" style=\"background-color:#f4ebda;\"><div class=\"product-thumb\"><a class=\"image\" href=\"https:\/\/beauteancestrale.com\/ar\/product\/apres-shampoing-antichute-repousse-250ml\/\" title=\"\u0628\u0644\u0633\u0645 \u0636\u062f \u062a\u0633\u0627\u0642\u0637 \u0627\u0644\u0634\u0639\u0631 \u0648\u0645\u062d\u0641\u0632 \u0644\u0646\u0645\u0648\u0647 250 \u0645\u0644\"><div class=\"product-thumb-overlay\" ><\/div><div class=\"primary-image\"><img decoding=\"async\" src=\"https:\/\/beauteancestrale.com\/wp-content\/uploads\/2025\/12\/render-final-11_-1000x1000.png?wsr\" alt=\"Shop Primary Image\" title=\"Shop Primary Image\" \/><\/div><\/a><\/div><div class=\"product-details\"><div class=\"product-title\"><h5><a href=\"https:\/\/beauteancestrale.com\/ar\/product\/apres-shampoing-antichute-repousse-250ml\/\">\u0628\u0644\u0633\u0645 \u0636\u062f \u062a\u0633\u0627\u0642\u0637 \u0627\u0644\u0634\u0639\u0631 \u0648\u0645\u062d\u0641\u0632 \u0644\u0646\u0645\u0648\u0647 250 \u0645\u0644<\/a><\/h5><\/div><div class=\"product-price\"><span class=\"price\"><span class=\"woocommerce-Price-amount amount\"><bdi>129,00&nbsp;<span class=\"woocommerce-Price-currencySymbol\">DH<\/span><\/bdi><\/span><\/span><\/div><\/div><\/div><\/div><\/li>\n<li class=\"product-grid-view product type-product post-1981 status-publish instock product_cat-all product_cat-blue-product product_cat-uncategorized product_tag-body-care product_tag-hair-care has-post-thumbnail shipping-taxable purchasable product-type-simple\">\n\t<div class=\"wdt-col wdt-col-xs-12 wdt-col-sm-6 wdt-col-md-6 wdt-col-qxlg-4 wdt-col-hxlg-3 wdt-col-lg-3\"><div class=\"product-wrapper\" style=\"background-color:#f4ebda;\"><div class=\"product-thumb\"><a class=\"image\" href=\"https:\/\/beauteancestrale.com\/ar\/product\/serum-antichute-sans-silicone-50ml\/\" title=\"\u0633\u064a\u0631\u0648\u0645 \u0636\u062f \u062a\u0633\u0627\u0642\u0637 \u0627\u0644\u0634\u0639\u0631 \u062e\u0627 \u0644 \u0645\u0646 \u0627\u0644\u0633\u064a\u0644\u064a\u0643\u0648\u0646 50 \u0645\u0644\"><div class=\"product-thumb-overlay\" ><\/div><div class=\"primary-image\"><img decoding=\"async\" src=\"https:\/\/beauteancestrale.com\/wp-content\/uploads\/2025\/12\/render-final-7-1000x1000.png?wsr\" alt=\"Shop Primary Image\" title=\"Shop Primary Image\" \/><\/div><\/a><\/div><div class=\"product-details\"><div class=\"product-title\"><h5><a href=\"https:\/\/beauteancestrale.com\/ar\/product\/serum-antichute-sans-silicone-50ml\/\">\u0633\u064a\u0631\u0648\u0645 \u0636\u062f \u062a\u0633\u0627\u0642\u0637 \u0627\u0644\u0634\u0639\u0631 \u062e\u0627 \u0644 \u0645\u0646 \u0627\u0644\u0633\u064a\u0644\u064a\u0643\u0648\u0646 50 \u0645\u0644<\/a><\/h5><\/div><div class=\"product-price\"><span class=\"price\"><span class=\"woocommerce-Price-amount amount\"><bdi>129,00&nbsp;<span class=\"woocommerce-Price-currencySymbol\">DH<\/span><\/bdi><\/span><\/span><\/div><\/div><\/div><\/div><\/li>\n<li class=\"product-grid-view product type-product post-1980 status-publish last instock product_cat-uncategorized product_cat-all product_cat-blue-product product_tag-body-care product_tag-hair-care has-post-thumbnail shipping-taxable purchasable product-type-simple\">\n\t<div class=\"wdt-col wdt-col-xs-12 wdt-col-sm-6 wdt-col-md-6 wdt-col-qxlg-4 wdt-col-hxlg-3 wdt-col-lg-3\"><div class=\"product-wrapper\" style=\"background-color:#f4ebda;\"><div class=\"product-thumb\"><a class=\"image\" href=\"https:\/\/beauteancestrale.com\/ar\/product\/serum-antichute-special-femme-enceinte-50ml\/\" title=\"\u0633\u064a\u0631\u0648\u0645 \u0636\u062f \u062a\u0633\u0627\u0642\u0637 \u0627\u0644\u0634\u0639\u0631 \u062e\u0627\u0635 \u0628\u0627\u0644\u062d\u0648\u0627\u0645\u0644 50 \u0645\u0644\"><div class=\"product-thumb-overlay\" ><\/div><div class=\"primary-image\"><img decoding=\"async\" src=\"https:\/\/beauteancestrale.com\/wp-content\/uploads\/2025\/12\/render-final-6-1000x1000.png?wsr\" alt=\"Shop Primary Image\" title=\"Shop Primary Image\" \/><\/div><\/a><\/div><div class=\"product-details\"><div class=\"product-title\"><h5><a href=\"https:\/\/beauteancestrale.com\/ar\/product\/serum-antichute-special-femme-enceinte-50ml\/\">\u0633\u064a\u0631\u0648\u0645 \u0636\u062f \u062a\u0633\u0627\u0642\u0637 \u0627\u0644\u0634\u0639\u0631 \u062e\u0627\u0635 \u0628\u0627\u0644\u062d\u0648\u0627\u0645\u0644 50 \u0645\u0644<\/a><\/h5><\/div><div class=\"product-price\"><span class=\"price\"><span class=\"woocommerce-Price-amount amount\"><bdi>129,00&nbsp;<span class=\"woocommerce-Price-currencySymbol\">DH<\/span><\/bdi><\/span><\/span><\/div><\/div><\/div><\/div><\/li>\n<li class=\"product-grid-view product type-product post-1977 status-publish first instock product_cat-all product_cat-blue-product product_cat-uncategorized product_tag-body-care product_tag-hair-care has-post-thumbnail shipping-taxable purchasable product-type-simple\">\n\t<div class=\"wdt-col wdt-col-xs-12 wdt-col-sm-6 wdt-col-md-6 wdt-col-qxlg-4 wdt-col-hxlg-3 wdt-col-lg-3\"><div class=\"product-wrapper\" style=\"background-color:#f4ebda;\"><div class=\"product-thumb\"><a class=\"image\" href=\"https:\/\/beauteancestrale.com\/ar\/product\/shampoing-antichute-pour-femme-enceinte-250ml\/\" title=\"\u0634\u0627\u0645\u0628\u0648 \u0636\u062f \u062a\u0633\u0627\u0642\u0637 \u0627\u0644\u0634\u0639\u0631 \u0644\u0644\u062d\u0648\u0627\u0645\u0644 250 \u0645\u0644\"><div class=\"product-thumb-overlay\" ><\/div><div class=\"primary-image\"><img decoding=\"async\" src=\"https:\/\/beauteancestrale.com\/wp-content\/uploads\/2025\/12\/render-final-1--1000x1000.png?wsr\" alt=\"Shop Primary Image\" title=\"Shop Primary Image\" \/><\/div><\/a><\/div><div class=\"product-details\"><div class=\"product-title\"><h5><a href=\"https:\/\/beauteancestrale.com\/ar\/product\/shampoing-antichute-pour-femme-enceinte-250ml\/\">\u0634\u0627\u0645\u0628\u0648 \u0636\u062f \u062a\u0633\u0627\u0642\u0637 \u0627\u0644\u0634\u0639\u0631 \u0644\u0644\u062d\u0648\u0627\u0645\u0644 250 \u0645\u0644<\/a><\/h5><\/div><div class=\"product-price\"><span class=\"price\"><span class=\"woocommerce-Price-amount amount\"><bdi>99,00&nbsp;<span class=\"woocommerce-Price-currencySymbol\">DH<\/span><\/bdi><\/span><\/span><\/div><\/div><\/div><\/div><\/li>\n<li class=\"product-grid-view product type-product post-1976 status-publish instock product_cat-all product_cat-blue-product product_cat-uncategorized product_tag-body-care product_tag-hair-care has-post-thumbnail shipping-taxable purchasable product-type-simple\">\n\t<div class=\"wdt-col wdt-col-xs-12 wdt-col-sm-6 wdt-col-md-6 wdt-col-qxlg-4 wdt-col-hxlg-3 wdt-col-lg-3\"><div class=\"product-wrapper\" style=\"background-color:#f4ebda;\"><div class=\"product-thumb\"><a class=\"image\" href=\"https:\/\/beauteancestrale.com\/ar\/product\/anti-fall-regrowth-mask-150ml\/\" title=\"\u0645\u0627\u0633\u0643 \u0636\u062f \u062a\u0633\u0627\u0642\u0637 \u0627\u0644\u0634\u0639\u0631 \u0648\u0645\u062d\u0641\u0632 \u0644\u0646\u0645\u0648\u0647 150 \u0645\u0644\"><div class=\"product-thumb-overlay\" ><\/div><div class=\"primary-image\"><img decoding=\"async\" src=\"https:\/\/beauteancestrale.com\/wp-content\/uploads\/2025\/12\/render-final-12_-1000x1000.png?wsr\" alt=\"Shop Primary Image\" title=\"Shop Primary Image\" \/><\/div><\/a><\/div><div class=\"product-details\"><div class=\"product-title\"><h5><a href=\"https:\/\/beauteancestrale.com\/ar\/product\/anti-fall-regrowth-mask-150ml\/\">\u0645\u0627\u0633\u0643 \u0636\u062f \u062a\u0633\u0627\u0642\u0637 \u0627\u0644\u0634\u0639\u0631 \u0648\u0645\u062d\u0641\u0632 \u0644\u0646\u0645\u0648\u0647 150 \u0645\u0644<\/a><\/h5><\/div><div class=\"product-price\"><span class=\"price\"><span class=\"woocommerce-Price-amount amount\"><bdi>109,00&nbsp;<span class=\"woocommerce-Price-currencySymbol\">DH<\/span><\/bdi><\/span><\/span><\/div><\/div><\/div><\/div><\/li>\n<li class=\"product-grid-view product type-product post-1975 status-publish instock product_cat-all product_cat-blue-product product_cat-uncategorized product_tag-body-care product_tag-hair-care has-post-thumbnail shipping-taxable purchasable product-type-simple\">\n\t<div class=\"wdt-col wdt-col-xs-12 wdt-col-sm-6 wdt-col-md-6 wdt-col-qxlg-4 wdt-col-hxlg-3 wdt-col-lg-3\"><div class=\"product-wrapper\" style=\"background-color:#f4ebda;\"><div class=\"product-thumb\"><a class=\"image\" href=\"https:\/\/beauteancestrale.com\/ar\/product\/shampoing-antichute-repousse-250ml\/\" title=\"\u0634\u0627\u0645\u0628\u0648 \u0636\u062f \u062a\u0633\u0627\u0642\u0637 \u0627\u0644\u0634\u0639\u0631 \u0648\u0645\u062d\u0641\u0632 \u0644\u0646\u0645\u0648\u0647 250 \u0645\u0644\"><div class=\"product-thumb-overlay\" ><\/div><div class=\"primary-image\"><img decoding=\"async\" src=\"https:\/\/beauteancestrale.com\/wp-content\/uploads\/2025\/12\/render-final-10_-1000x1000.png?wsr\" alt=\"Shop Primary Image\" title=\"Shop Primary Image\" \/><\/div><\/a><\/div><div class=\"product-details\"><div class=\"product-title\"><h5><a href=\"https:\/\/beauteancestrale.com\/ar\/product\/shampoing-antichute-repousse-250ml\/\">\u0634\u0627\u0645\u0628\u0648 \u0636\u062f \u062a\u0633\u0627\u0642\u0637 \u0627\u0644\u0634\u0639\u0631 \u0648\u0645\u062d\u0641\u0632 \u0644\u0646\u0645\u0648\u0647 250 \u0645\u0644<\/a><\/h5><\/div><div class=\"product-price\"><span class=\"price\"><span class=\"woocommerce-Price-amount amount\"><bdi>99,00&nbsp;<span class=\"woocommerce-Price-currencySymbol\">DH<\/span><\/bdi><\/span><\/span><\/div><\/div><\/div><\/div><\/li>\n<\/ul><\/div>\t\t\t\t<\/div>\n\t\t\t\t<\/div>\n\t\t\t\t\t<\/div>\n\t\t\t\t<\/div>\n\t\t\t\t<\/div>","protected":false},"excerpt":{"rendered":"<p>Huile de Traitement Capillaire \u2013 50ml 119,00&nbsp;DH Apr\u00e8s-Shampoing Antichute &#038; Repousse &#8211; 250ml 129,00&nbsp;DH S\u00e9rum Antichute Sans Silicone- 50ml 129,00&nbsp;DH S\u00e9rum antichute sp\u00e9cial femme enceinte \u2013 50ml 129,00&nbsp;DH Shampoing antichute pour femme enceinte \u2013 250ml 99,00&nbsp;DH Masque Antichute &#038; Repousse \u2013 150ml 109,00&nbsp;DH Shampoing antichute &#038; repousse \u2013 250ml 99,00&nbsp;DH<\/p>","protected":false},"author":1,"featured_media":1876,"parent":0,"menu_order":0,"comment_status":"closed","ping_status":"closed","template":"","meta":{"footnotes":""},"class_list":["post-2564","page","type-page","status-publish","has-post-thumbnail","hentry"],"_links":{"self":[{"href":"https:\/\/beauteancestrale.com\/ar\/wp-json\/wp\/v2\/pages\/2564","targetHints":{"allow":["GET"]}}],"collection":[{"href":"https:\/\/beauteancestrale.com\/ar\/wp-json\/wp\/v2\/pages"}],"about":[{"href":"https:\/\/beauteancestrale.com\/ar\/wp-json\/wp\/v2\/types\/page"}],"author":[{"embeddable":true,"href":"https:\/\/beauteancestrale.com\/ar\/wp-json\/wp\/v2\/users\/1"}],"replies":[{"embeddable":true,"href":"https:\/\/beauteancestrale.com\/ar\/wp-json\/wp\/v2\/comments?post=2564"}],"version-history":[{"count":11,"href":"https:\/\/beauteancestrale.com\/ar\/wp-json\/wp\/v2\/pages\/2564\/revisions"}],"predecessor-version":[{"id":2709,"href":"https:\/\/beauteancestrale.com\/ar\/wp-json\/wp\/v2\/pages\/2564\/revisions\/2709"}],"wp:featuredmedia":[{"embeddable":true,"href":"https:\/\/beauteancestrale.com\/ar\/wp-json\/wp\/v2\/media\/1876"}],"wp:attachment":[{"href":"https:\/\/beauteancestrale.com\/ar\/wp-json\/wp\/v2\/media?parent=2564"}],"curies":[{"name":"wp","href":"https:\/\/api.w.org\/{rel}","templated":true}]}}