{"id":2558,"date":"2026-01-11T20:29:23","date_gmt":"2026-01-11T20:29:23","guid":{"rendered":"https:\/\/beauteancestrale.com\/?page_id=2558"},"modified":"2026-01-11T20:30:50","modified_gmt":"2026-01-11T20:30:50","slug":"produits-intimes","status":"publish","type":"page","link":"https:\/\/beauteancestrale.com\/ar\/produits-intimes\/","title":{"rendered":"\u0627\u0644\u0639\u0646\u0627\u064a\u0629 \u0628\u0627\u0644\u0645\u0646\u0627\u0637\u0642 \u0627\u0644\u062d\u0633\u0627\u0633\u0629"},"content":{"rendered":"<div data-elementor-type=\"wp-page\" data-elementor-id=\"2558\" class=\"elementor elementor-2558\" data-elementor-post-type=\"page\">\n\t\t\t\t<div class=\"elementor-element elementor-element-ce793c1 e-flex e-con-boxed e-con e-parent\" data-id=\"ce793c1\" data-element_type=\"container\" data-e-type=\"container\">\n\t\t\t\t\t<div class=\"e-con-inner\">\n\t\t\t\t<div class=\"elementor-element elementor-element-7c136dc elementor-widget elementor-widget-wdt-shop-products\" data-id=\"7c136dc\" data-element_type=\"widget\" data-e-type=\"widget\" data-settings=\"{&quot;wdt_animation_effect&quot;:&quot;none&quot;}\" data-widget_type=\"wdt-shop-products.default\">\n\t\t\t\t<div class=\"elementor-widget-container\">\n\t\t\t\t\t<div class=\"wdt-products-container woocommerce\" ><ul class=\"products  product-style-default product-hover-fade-skinborder product-hover-image-fadeinleft product-hover-secimage-pushleft product-icongroup-hover-flipx product-content-hover-slideright product-with-space product-padding-default wdt-custom-product-style-1 false product-label-boxed false product-thumb-alignment-bottom product-thumb-iconsgroup-position-vertical vertical-position-top-right product-thumb-iconsgroup-style-bgfill-rounded product-thumb-buttonelement-style-bgfill-square product-thumb-buttonelement-stretch product-content-alignment-center product-content-iconsgroup-style-bgfill-square product-content-buttonelement-style-simple column-4\"><li class=\"product isotope-grid-sizer\"><div class=\"wdt-col wdt-col-xs-12 wdt-col-sm-6 wdt-col-md-6 wdt-col-qxlg-4 wdt-col-hxlg-3 wdt-col-lg-3\"><\/div><\/li><li class=\"product-grid-view product type-product post-1979 status-publish first instock product_cat-all product_cat-pink-product product_cat-uncategorized product_tag-body-care product_tag-hair-care has-post-thumbnail shipping-taxable purchasable product-type-simple\">\n\t<div class=\"wdt-col wdt-col-xs-12 wdt-col-sm-6 wdt-col-md-6 wdt-col-qxlg-4 wdt-col-hxlg-3 wdt-col-lg-3\"><div class=\"product-wrapper\" style=\"background-color:#f4ebda;\"><div class=\"product-thumb\"><a class=\"image\" href=\"https:\/\/beauteancestrale.com\/ar\/product\/mousse-intime-150ml\/\" title=\"\u0631\u063a\u0648\u0629 \u0644\u0644\u0645\u0646\u0627\u0637\u0642 \u0627\u0627\u0644\u0627\u0646\u062a\u0648\u064a\u0629 150 \u0645\u0644\"><div class=\"product-thumb-overlay\" ><\/div><div class=\"primary-image\"><img decoding=\"async\" src=\"https:\/\/beauteancestrale.com\/wp-content\/uploads\/2025\/12\/render-final-5_-1000x1000.png?wsr\" alt=\"Shop Primary Image\" title=\"Shop Primary Image\" \/><\/div><\/a><\/div><div class=\"product-details\"><div class=\"product-title\"><h5><a href=\"https:\/\/beauteancestrale.com\/ar\/product\/mousse-intime-150ml\/\">\u0631\u063a\u0648\u0629 \u0644\u0644\u0645\u0646\u0627\u0637\u0642 \u0627\u0627\u0644\u0627\u0646\u062a\u0648\u064a\u0629 150 \u0645\u0644<\/a><\/h5><\/div><div class=\"product-price\"><span class=\"price\"><span class=\"woocommerce-Price-amount amount\"><bdi>149,00&nbsp;<span class=\"woocommerce-Price-currencySymbol\">DH<\/span><\/bdi><\/span><\/span><\/div><\/div><\/div><\/div><\/li>\n<li class=\"product-grid-view product type-product post-1978 status-publish instock product_cat-all product_cat-pink-product product_cat-uncategorized product_tag-body-care product_tag-hair-care has-post-thumbnail shipping-taxable purchasable product-type-simple\">\n\t<div class=\"wdt-col wdt-col-xs-12 wdt-col-sm-6 wdt-col-md-6 wdt-col-qxlg-4 wdt-col-hxlg-3 wdt-col-lg-3\"><div class=\"product-wrapper\" style=\"background-color:#f4ebda;\"><div class=\"product-thumb\"><a class=\"image\" href=\"https:\/\/beauteancestrale.com\/ar\/product\/gel-nettoyant-intime-200ml\/\" title=\"\u062c\u0644 \u0645\u0646\u0638\u0641 \u0644\u0644\u0645\u0646\u0627\u0637\u0642 \u0627\u0627\u0644\u0627\u0646\u062a\u0648\u064a\u0629 200 \u0645\u0644\"><div class=\"product-thumb-overlay\" ><\/div><div class=\"primary-image\"><img decoding=\"async\" src=\"https:\/\/beauteancestrale.com\/wp-content\/uploads\/2025\/12\/render-final-2_-1000x1000.png?wsr\" alt=\"Shop Primary Image\" title=\"Shop Primary Image\" \/><\/div><\/a><\/div><div class=\"product-details\"><div class=\"product-title\"><h5><a href=\"https:\/\/beauteancestrale.com\/ar\/product\/gel-nettoyant-intime-200ml\/\">\u062c\u0644 \u0645\u0646\u0638\u0641 \u0644\u0644\u0645\u0646\u0627\u0637\u0642 \u0627\u0627\u0644\u0627\u0646\u062a\u0648\u064a\u0629 200 \u0645\u0644<\/a><\/h5><\/div><div class=\"product-price\"><span class=\"price\"><span class=\"woocommerce-Price-amount amount\"><bdi>149,00&nbsp;<span class=\"woocommerce-Price-currencySymbol\">DH<\/span><\/bdi><\/span><\/span><\/div><\/div><\/div><\/div><\/li>\n<li class=\"product-grid-view product type-product post-1974 status-publish instock product_cat-all product_cat-pink-product product_cat-uncategorized product_tag-body-care product_tag-hair-care has-post-thumbnail shipping-taxable purchasable product-type-simple\">\n\t<div class=\"wdt-col wdt-col-xs-12 wdt-col-sm-6 wdt-col-md-6 wdt-col-qxlg-4 wdt-col-hxlg-3 wdt-col-lg-3\"><div class=\"product-wrapper\" style=\"background-color:#f4ebda;\"><div class=\"product-thumb\"><a class=\"image\" href=\"https:\/\/beauteancestrale.com\/ar\/product\/creme-intime-hydratante-50ml\/\" title=\"\u0643\u0631\u064a\u0645 \u0645\u0631\u0637\u0628 \u0644\u0644\u0645\u0646\u0627\u0637\u0642 \u0627\u0644\u0627\u0646\u062a\u0648\u064a\u0629 50 \u0645\u0644\"><div class=\"product-thumb-overlay\" ><\/div><div class=\"primary-image\"><img decoding=\"async\" src=\"https:\/\/beauteancestrale.com\/wp-content\/uploads\/2025\/12\/render-final-4_-1000x1000.png?wsr\" alt=\"Shop Primary Image\" title=\"Shop Primary Image\" \/><\/div><\/a><\/div><div class=\"product-details\"><div class=\"product-title\"><h5><a href=\"https:\/\/beauteancestrale.com\/ar\/product\/creme-intime-hydratante-50ml\/\">\u0643\u0631\u064a\u0645 \u0645\u0631\u0637\u0628 \u0644\u0644\u0645\u0646\u0627\u0637\u0642 \u0627\u0644\u0627\u0646\u062a\u0648\u064a\u0629 50 \u0645\u0644<\/a><\/h5><\/div><div class=\"product-price\"><span class=\"price\"><span class=\"woocommerce-Price-amount amount\"><bdi>99,00&nbsp;<span class=\"woocommerce-Price-currencySymbol\">DH<\/span><\/bdi><\/span><\/span><\/div><\/div><\/div><\/div><\/li>\n<li class=\"product-grid-view product type-product post-1973 status-publish last instock product_cat-all product_cat-pink-product product_cat-uncategorized product_tag-body-care product_tag-hair-care has-post-thumbnail shipping-taxable purchasable product-type-simple\">\n\t<div class=\"wdt-col wdt-col-xs-12 wdt-col-sm-6 wdt-col-md-6 wdt-col-qxlg-4 wdt-col-hxlg-3 wdt-col-lg-3\"><div class=\"product-wrapper\" style=\"background-color:#f4ebda;\"><div class=\"product-thumb\"><a class=\"image\" href=\"https:\/\/beauteancestrale.com\/ar\/product\/serum-intime-hydratant-50ml\/\" title=\"\u0633\u064a\u0631\u0648\u0645 \u0645 \u0651\u0631\u0637\u0628 \u0644\u0644\u0645\u0646\u0627\u0637\u0642 \u0627\u0644\u0627\u0646\u062a\u0648\u064a\u0629 50 \u0645\u0644\"><div class=\"product-thumb-overlay\" ><\/div><div class=\"primary-image\"><img decoding=\"async\" src=\"https:\/\/beauteancestrale.com\/wp-content\/uploads\/2025\/12\/render-final-9_-1000x1000.png?wsr\" alt=\"Shop Primary Image\" title=\"Shop Primary Image\" \/><\/div><\/a><\/div><div class=\"product-details\"><div class=\"product-title\"><h5><a href=\"https:\/\/beauteancestrale.com\/ar\/product\/serum-intime-hydratant-50ml\/\">\u0633\u064a\u0631\u0648\u0645 \u0645 \u0651\u0631\u0637\u0628 \u0644\u0644\u0645\u0646\u0627\u0637\u0642 \u0627\u0644\u0627\u0646\u062a\u0648\u064a\u0629 50 \u0645\u0644<\/a><\/h5><\/div><div class=\"product-price\"><span class=\"price\"><span class=\"woocommerce-Price-amount amount\"><bdi>99,00&nbsp;<span class=\"woocommerce-Price-currencySymbol\">DH<\/span><\/bdi><\/span><\/span><\/div><\/div><\/div><\/div><\/li>\n<\/ul><\/div>\t\t\t\t<\/div>\n\t\t\t\t<\/div>\n\t\t\t\t\t<\/div>\n\t\t\t\t<\/div>\n\t\t\t\t<\/div>","protected":false},"excerpt":{"rendered":"<p>Kit hygi\u00e8ne intime \u00e9claircissant Gel &#038; S\u00e9rum 248,00&nbsp;DH Original price was: 248,00&nbsp;DH.199,00&nbsp;DHCurrent price is: 199,00&nbsp;DH.<\/p>","protected":false},"author":1,"featured_media":0,"parent":0,"menu_order":0,"comment_status":"closed","ping_status":"closed","template":"","meta":{"footnotes":""},"class_list":["post-2558","page","type-page","status-publish","hentry"],"_links":{"self":[{"href":"https:\/\/beauteancestrale.com\/ar\/wp-json\/wp\/v2\/pages\/2558","targetHints":{"allow":["GET"]}}],"collection":[{"href":"https:\/\/beauteancestrale.com\/ar\/wp-json\/wp\/v2\/pages"}],"about":[{"href":"https:\/\/beauteancestrale.com\/ar\/wp-json\/wp\/v2\/types\/page"}],"author":[{"embeddable":true,"href":"https:\/\/beauteancestrale.com\/ar\/wp-json\/wp\/v2\/users\/1"}],"replies":[{"embeddable":true,"href":"https:\/\/beauteancestrale.com\/ar\/wp-json\/wp\/v2\/comments?post=2558"}],"version-history":[{"count":4,"href":"https:\/\/beauteancestrale.com\/ar\/wp-json\/wp\/v2\/pages\/2558\/revisions"}],"predecessor-version":[{"id":2562,"href":"https:\/\/beauteancestrale.com\/ar\/wp-json\/wp\/v2\/pages\/2558\/revisions\/2562"}],"wp:attachment":[{"href":"https:\/\/beauteancestrale.com\/ar\/wp-json\/wp\/v2\/media?parent=2558"}],"curies":[{"name":"wp","href":"https:\/\/api.w.org\/{rel}","templated":true}]}}