{"id":2155,"date":"2026-01-01T19:44:10","date_gmt":"2026-01-01T19:44:10","guid":{"rendered":"https:\/\/beauteancestrale.com\/?page_id=2155"},"modified":"2026-01-12T16:49:34","modified_gmt":"2026-01-12T16:49:34","slug":"about-us","status":"publish","type":"page","link":"https:\/\/beauteancestrale.com\/ar\/about-us\/","title":{"rendered":"\u0645\u0646 \u0646\u062d\u0646"},"content":{"rendered":"<div data-elementor-type=\"wp-page\" data-elementor-id=\"2155\" class=\"elementor elementor-2155\" data-elementor-post-type=\"page\">\n\t\t\t\t<div class=\"elementor-element elementor-element-a38e390 e-con-full e-flex e-con e-parent\" data-id=\"a38e390\" data-element_type=\"container\" data-e-type=\"container\">\n\t\t\t\t<\/div>\n\t\t<div class=\"elementor-element elementor-element-b7f8de8 e-con-full e-flex e-con e-parent\" data-id=\"b7f8de8\" data-element_type=\"container\" data-e-type=\"container\">\n\t\t\t\t<div class=\"elementor-element elementor-element-dc77696 elementor-widget-mobile__width-inherit elementor-widget elementor-widget-text-editor\" data-id=\"dc77696\" data-element_type=\"widget\" data-e-type=\"widget\" data-settings=\"{&quot;wdt_animation_effect&quot;:&quot;none&quot;}\" data-no-translation=\"\" data-widget_type=\"text-editor.default\">\n\t\t\t\t\t<style>.elementor-element-dc77696{display:none !important}<\/style>\t\t\t\t<\/div>\n\t\t\t\t<div class=\"elementor-element elementor-element-330de11 elementor-widget-mobile__width-inherit elementor-widget elementor-widget-text-editor\" data-id=\"330de11\" data-element_type=\"widget\" data-e-type=\"widget\" data-settings=\"{&quot;wdt_animation_effect&quot;:&quot;none&quot;}\" data-no-translation=\"\" data-widget_type=\"text-editor.default\">\n\t\t\t\t\t\t\t\t\t<section style=\"text-align: right;\"><div class=\"container\"><section><div class=\"container\"><h4 data-start=\"112\" data-end=\"158\"><strong data-start=\"116\" data-end=\"158\">Beaut\u00e9 Ancestrale\u00ae \u2013 \u0627\u0644\u062c\u0645\u0627\u0644 \u062f\u064a\u0627\u0644 \u0627\u0644\u0623\u0635\u0644<\/strong><\/h4><p data-start=\"160\" data-end=\"333\">\u0645\u0646 \u0632\u0645\u0627\u0646\u060c \u0648\u0627\u0644\u0645\u0631\u0623\u0629 \u0627\u0644\u0645\u063a\u0631\u0628\u064a\u0629 \u0643\u062a\u0648\u064e\u0631\u0651\u062b \u0645\u0646 \u062c\u064a\u0644 \u0644\u062c\u064a\u0644 \u0623\u0633\u0631\u0627\u0631 \u0627\u0644\u062c\u0645\u0627\u0644 \u0627\u0644\u0644\u064a \u062c\u0627\u064a\u0629 \u0645\u0646 \u0627\u0644\u0637\u0628\u064a\u0639\u0629. \u0648\u0645\u0646 \u0647\u0627\u062f \u0627\u0644\u062c\u0630\u0648\u0631 \u062a\u0632\u0627\u062f\u062a <strong data-start=\"262\" data-end=\"284\">Beaut\u00e9 Ancestrale\u00ae<\/strong>\u060c \u0643\u062c\u0633\u0631 \u062d\u064a\u0651 \u0628\u064a\u0646 \u0627\u0644\u062a\u0642\u0627\u0644\u064a\u062f \u0627\u0644\u0639\u0631\u064a\u0642\u0629 \u0648\u0627\u0644\u0627\u0628\u062a\u0643\u0627\u0631 \u0627\u0644\u0639\u0635\u0631\u064a.<\/p><p data-start=\"335\" data-end=\"480\">\u0627\u0644\u0639\u0644\u0627\u0645\u0629 \u062f\u064a\u0627\u0644\u0646\u0627 \u0643\u062a\u0627\u062e\u062f \u0627\u0644\u0625\u0644\u0647\u0627\u0645 \u062f\u064a\u0627\u0644\u0647\u0627 \u0645\u0646 \u062e\u064a\u0631\u0627\u062a \u0627\u0644\u0623\u0631\u0636 \u0627\u0644\u0645\u063a\u0631\u0628\u064a\u0629 \u0648\u0645\u0646 \u0627\u0644\u062e\u0628\u0631\u0627\u062a \u0627\u0644\u0645\u062a\u0648\u0627\u0631\u062b\u0629\u060c \u0628\u0627\u0634 \u0646\u0642\u062f\u0651\u0645\u0648 \u0639\u0646\u0627\u064a\u0629 \u0637\u0628\u064a\u0639\u064a\u0629\u060c \u0641\u0639\u0651\u0627\u0644\u0629\u060c \u0648\u0643\u062a\u062d\u062a\u0631\u0645 \u062c\u0633\u0645\u0643 \u0648\u062a\u0648\u0627\u0632\u0646\u0648 \u0627\u0644\u0637\u0628\u064a\u0639\u064a.<\/p><hr data-start=\"482\" data-end=\"485\" \/><h3 data-start=\"487\" data-end=\"502\"><strong data-start=\"491\" data-end=\"502\">\u0641\u0644\u0633\u0641\u062a\u0646\u0627<\/strong><\/h3><p data-start=\"504\" data-end=\"662\"><strong data-start=\"504\" data-end=\"526\">Beaut\u00e9 Ancestrale\u00ae<\/strong> \u062c\u0627\u062a \u0645\u0646 \u0631\u063a\u0628\u0629 \u0635\u0627\u062f\u0642\u0629 \u0628\u0627\u0634 \u0646\u0634\u0627\u0631\u0643\u0648 \u0645\u0639 \u062c\u0645\u064a\u0639 \u0627\u0644\u0646\u0633\u0627\u0621 \u0641\u0648\u0627\u0626\u062f \u0627\u0644\u0645\u0643\u0648\u0651\u0646\u0627\u062a \u0627\u0644\u0637\u0628\u064a\u0639\u064a\u0629 \u0627\u0644\u0645\u063a\u0631\u0628\u064a\u0629\u060c \u062d\u064a\u062a \u0643\u0646\u0622\u0645\u0646\u0648 \u0628\u0627\u0644\u062c\u0645\u0627\u0644 \u0627\u0644\u062d\u0642\u064a\u0642\u064a\u2026 \u0627\u0644\u062c\u0645\u0627\u0644 \u0627\u0644\u0644\u064a \u0643\u064a\u0646\u0628\u0639 \u0645\u0646 \u0627\u0644\u062f\u0627\u062e\u0644.<\/p><p data-start=\"664\" data-end=\"812\">\u0645\u0646\u062a\u062c\u0627\u062a\u0646\u0627 \u0645\u0635\u0646\u0648\u0639\u0629 \u0645\u0646 \u0645\u0643\u0648\u0651\u0646\u0627\u062a \u0637\u0628\u064a\u0639\u064a\u0629 \u0645\u062e\u062a\u0627\u0631\u0629 \u0628\u0639\u0646\u0627\u064a\u0629 \u0643\u0628\u064a\u0631\u0629 \u0639\u0644\u0649 \u062d\u0633\u0628 \u062e\u0635\u0627\u0626\u0635\u0647\u0627 \u0648\u0641\u0648\u0627\u0626\u062f\u0647\u0627\u060c \u0648\u0643\u0646\u0639\u062a\u0645\u062f\u0648 \u0637\u0631\u0642 \u0625\u0646\u062a\u0627\u062c \u062a\u0642\u0644\u064a\u062f\u064a\u0629 \u0643\u062a\u062d\u062a\u0627\u0631\u0645 \u0627\u0644\u0637\u0628\u064a\u0639\u0629 \u0648\u062a\u062d\u0627\u0641\u0638 \u0639\u0644\u0649 \u0623\u0635\u0627\u0644\u0629 \u0627\u0644\u0645\u0643\u0648\u0651\u0646.<\/p><hr data-start=\"814\" data-end=\"817\" \/><h3 data-start=\"819\" data-end=\"837\"><strong data-start=\"823\" data-end=\"837\">\u0627\u0644\u062a\u0632\u0627\u0645\u0627\u062a\u0646\u0627<\/strong><\/h3><p data-start=\"839\" data-end=\"987\"><strong data-start=\"839\" data-end=\"851\">\ud83c\udf3f \u0637\u0628\u064a\u0639\u064a<\/strong><br data-start=\"851\" data-end=\"854\" \/>\u062c\u0645\u064a\u0639 \u0645\u0646\u062a\u062c\u0627\u062a\u0646\u0627 \u0645\u0635\u0646\u0648\u0639\u0629 \u0645\u0646 \u0645\u0643\u0648\u0651\u0646\u0627\u062a \u0630\u0627\u062a \u0623\u0635\u0644 \u0637\u0628\u064a\u0639\u064a\u060c \u0628\u0644\u0627 \u0645\u0648\u0627\u062f \u0643\u064a\u0645\u064a\u0627\u0626\u064a\u0629 \u0645\u0636\u0631\u0629<br data-start=\"923\" data-end=\"926\" \/>(\u0628\u0644\u0627 \u0633\u0644\u0641\u0627\u062a\u060c \u0628\u0644\u0627 \u0628\u0627\u0631\u0627\u0628\u064a\u0646\u060c \u0628\u0644\u0627 \u0633\u064a\u0644\u064a\u0643\u0648\u0646\u060c \u0628\u0644\u0627 \u0645\u0644\u0648\u0651\u0646\u0627\u062a\u060c \u0628\u0644\u0627 \u0643\u062d\u0648\u0644).<\/p><p data-start=\"989\" data-end=\"1076\"><strong data-start=\"989\" data-end=\"1000\">\u2728 \u0641\u0639\u0651\u0627\u0644<\/strong><br data-start=\"1000\" data-end=\"1003\" \/>\u062a\u0631\u0643\u064a\u0628\u0627\u062a \u0645\u062f\u0631\u0648\u0633\u0629 \u0628\u0639\u0646\u0627\u064a\u0629 \u0628\u0627\u0634 \u062a\u0644\u0628\u0651\u064a \u0627\u0644\u062d\u0627\u062c\u064a\u0627\u062a \u062f\u064a\u0627\u0644\u0643 \u0648\u062a\u0639\u0637\u064a \u0646\u062a\u0627\u0626\u062c \u0645\u0644\u0645\u0648\u0633\u0629 \u0648\u0645\u0631\u0636\u064a\u0629.<\/p><p data-start=\"1078\" data-end=\"1172\"><strong data-start=\"1078\" data-end=\"1092\">\ud83c\uddf2\ud83c\udde6 \u0645\u063a\u0631\u0628\u064a<\/strong><br data-start=\"1092\" data-end=\"1095\" \/>\u0643\u0646\u0639\u062a\u0632\u0648 \u0628\u062e\u064a\u0631\u0627\u062a \u0628\u0644\u0627\u062f\u0646\u0627\u060c \u0643\u0646\u0633\u062a\u0639\u0645\u0644\u0648 \u0645\u0643\u0648\u0651\u0646\u0627\u062a \u0645\u062d\u0644\u064a\u0629\u060c \u0648\u0643\u0646\u0633\u0627\u0647\u0645\u0648 \u0641\u062f\u0639\u0645 \u0627\u0644\u0627\u0642\u062a\u0635\u0627\u062f \u0627\u0644\u0645\u063a\u0631\u0628\u064a.<\/p><p data-start=\"1174\" data-end=\"1276\"><strong data-start=\"1174\" data-end=\"1194\">\u267b\ufe0f \u0623\u062e\u0644\u0627\u0642\u064a \u0648\u0645\u0633\u0624\u0648\u0644<\/strong><br data-start=\"1194\" data-end=\"1197\" \/>\u0643\u0646\u0644\u062a\u0627\u0632\u0645\u0648 \u0646\u062d\u062a\u0631\u0645\u0648 \u0627\u0644\u0628\u064a\u0626\u0629 \u0648\u0627\u0644\u0646\u0627\u0633 \u0627\u0644\u0644\u064a \u0643\u064a\u0633\u0627\u0647\u0645\u0648 \u0641\u062a\u0635\u0646\u064a\u0639 \u0645\u0646\u062a\u062c\u0627\u062a\u0646\u0627\u060c \u0645\u0646 \u0627\u0644\u0645\u0635\u062f\u0631 \u062d\u062a\u0649 \u0644\u0644\u064a\u062f.<\/p><\/div><\/section><\/div><\/section>\t\t\t\t\t\t\t\t<\/div>\n\t\t\t\t<\/div>\n\t\t\t\t<\/div>","protected":false},"excerpt":{"rendered":"<p>Beaut\u00e9 Ancestrale : Un retour aux sources Depuis toujours, les femmes marocaines ont transmis de g\u00e9n\u00e9ration en g\u00e9n\u00e9ration des secrets de beaut\u00e9 issus de la nature. C&rsquo;est dans cet esprit que \u00ab\u00a0Beaut\u00e9 Ancestrale\u00ae\u00a0\u00bb voit le jour en faisant un Pont entre Tradition et Innovation. Notre marque puise son inspiration dans les tr\u00e9sors de la terre [&hellip;]<\/p>\n","protected":false},"author":1,"featured_media":0,"parent":0,"menu_order":0,"comment_status":"closed","ping_status":"closed","template":"","meta":{"footnotes":""},"class_list":["post-2155","page","type-page","status-publish","hentry"],"_links":{"self":[{"href":"https:\/\/beauteancestrale.com\/ar\/wp-json\/wp\/v2\/pages\/2155","targetHints":{"allow":["GET"]}}],"collection":[{"href":"https:\/\/beauteancestrale.com\/ar\/wp-json\/wp\/v2\/pages"}],"about":[{"href":"https:\/\/beauteancestrale.com\/ar\/wp-json\/wp\/v2\/types\/page"}],"author":[{"embeddable":true,"href":"https:\/\/beauteancestrale.com\/ar\/wp-json\/wp\/v2\/users\/1"}],"replies":[{"embeddable":true,"href":"https:\/\/beauteancestrale.com\/ar\/wp-json\/wp\/v2\/comments?post=2155"}],"version-history":[{"count":75,"href":"https:\/\/beauteancestrale.com\/ar\/wp-json\/wp\/v2\/pages\/2155\/revisions"}],"predecessor-version":[{"id":2706,"href":"https:\/\/beauteancestrale.com\/ar\/wp-json\/wp\/v2\/pages\/2155\/revisions\/2706"}],"wp:attachment":[{"href":"https:\/\/beauteancestrale.com\/ar\/wp-json\/wp\/v2\/media?parent=2155"}],"curies":[{"name":"wp","href":"https:\/\/api.w.org\/{rel}","templated":true}]}}