{"id":2150,"date":"2026-01-01T19:39:36","date_gmt":"2026-01-01T19:39:36","guid":{"rendered":"https:\/\/beauteancestrale.com\/?page_id=2150"},"modified":"2026-01-12T16:37:44","modified_gmt":"2026-01-12T16:37:44","slug":"conditions-generales-de-vente-cgv","status":"publish","type":"page","link":"https:\/\/beauteancestrale.com\/ar\/conditions-generales-de-vente-cgv\/","title":{"rendered":"\u0627\u0644\u0634\u0631\u0648\u0637 \u0648\u0627\u0644\u0623\u062d\u0643\u0627\u0645 \u0627\u0644\u0639\u0627\u0645\u0629 \u0644\u0644\u0628\u064a\u0639"},"content":{"rendered":"<div data-elementor-type=\"wp-page\" data-elementor-id=\"2150\" class=\"elementor elementor-2150\" data-elementor-post-type=\"page\">\n\t\t\t\t<div class=\"elementor-element elementor-element-a38e390 e-flex e-con-boxed e-con e-parent\" data-id=\"a38e390\" data-element_type=\"container\" data-e-type=\"container\">\n\t\t\t\t\t<div class=\"e-con-inner\">\n\t\t\t\t\t<\/div>\n\t\t\t\t<\/div>\n\t\t<div class=\"elementor-element elementor-element-b7f8de8 e-flex e-con-boxed e-con e-parent\" data-id=\"b7f8de8\" data-element_type=\"container\" data-e-type=\"container\">\n\t\t\t\t\t<div class=\"e-con-inner\">\n\t\t\t\t<div class=\"elementor-element elementor-element-dc77696 elementor-widget elementor-widget-text-editor\" data-id=\"dc77696\" data-element_type=\"widget\" data-e-type=\"widget\" data-settings=\"{&quot;wdt_animation_effect&quot;:&quot;none&quot;}\" data-no-translation=\"\" data-widget_type=\"text-editor.default\">\n\t\t\t\t\t<style>.elementor-element-dc77696{display:none !important}<\/style>\t\t\t\t<\/div>\n\t\t\t\t<div class=\"elementor-element elementor-element-bbbb606 elementor-widget elementor-widget-text-editor\" data-id=\"bbbb606\" data-element_type=\"widget\" data-e-type=\"widget\" data-settings=\"{&quot;wdt_animation_effect&quot;:&quot;none&quot;}\" data-no-translation=\"\" data-widget_type=\"text-editor.default\">\n\t\t\t\t\t\t\t\t\t<section style=\"text-align: right;\"><div class=\"container\"><p><strong>\u0627\u0644\u0634\u0631\u0648\u0637 \u0627\u0644\u0639\u0627\u0645\u0629 \u0644\u0644\u0628\u064a\u0639<\/strong><\/p><p>\u062a\u064f\u0637\u0628\u0651\u064e\u0642 \u0647\u0630\u0647 \u0627\u0644\u0634\u0631\u0648\u0637 \u0627\u0644\u0639\u0627\u0645\u0629 \u0644\u0644\u0628\u064a\u0639 \u0639\u0644\u0649 \u062c\u0645\u064a\u0639 \u0627\u0644\u0637\u0644\u0628\u0627\u062a \u0627\u0644\u0645\u0642\u062f\u0651\u064e\u0645\u0629 \u0639\u0628\u0631 \u0627\u0644\u0645\u0648\u0642\u0639 \u0627\u0644\u0625\u0644\u0643\u062a\u0631\u0648\u0646\u064a<br \/><a href=\"http:\/\/www.beauteancestrale.ma\">www.beauteancestrale.ma<\/a>. \u0648\u0628\u0627\u0633\u062a\u062e\u062f\u0627\u0645\u0643\u0645 \u0644\u0647\u0630\u0627 \u0627\u0644\u0645\u0648\u0642\u0639\u060c \u0641\u0625\u0646\u0643\u0645 \u062a\u0648\u0627\u0641\u0642\u0648\u0646 \u0639\u0644\u0649 \u0634\u0631\u0648\u0637 \u0627\u0644\u0627\u0633\u062a\u0639\u0645\u0627\u0644 \u0627\u0644\u0645\u0628\u064a\u0651\u064e\u0646\u0629 \u0623\u062f\u0646\u0627\u0647.<\/p><p><strong>\u0627\u0644\u0645\u0627\u062f\u0629 1 \u2013 \u0627\u0644\u0645\u062f\u0629<\/strong><br \/>\u062a\u0633\u0631\u064a \u0647\u0630\u0647 \u0627\u0644\u0634\u0631\u0648\u0637 \u0637\u0648\u0627\u0644 \u0645\u062f\u0629 \u0639\u0631\u0636 \u0627\u0644\u0645\u0646\u062a\u062c\u0627\u062a \u0627\u0644\u0645\u0639\u0631\u0648\u0636\u0629 \u0644\u0644\u0628\u064a\u0639 \u0639\u0644\u0649 \u0645\u0648\u0642\u0639\u0646\u0627<br \/><a href=\"http:\/\/www.beauteancestrale.ma\">www.beauteancestrale.ma<\/a>.<\/p><p><strong>\u0627\u0644\u0645\u0627\u062f\u0629 2 \u2013 \u0627\u0644\u0623\u0633\u0639\u0627\u0631<\/strong><br \/>\u062a\u064f\u0630\u0643\u0631 \u0623\u0633\u0639\u0627\u0631 \u0645\u0646\u062a\u062c\u0627\u062a\u0646\u0627 \u0628\u0627\u0644\u062f\u0631\u0647\u0645 \u0627\u0644\u0645\u063a\u0631\u0628\u064a \u0634\u0627\u0645\u0644\u0629 \u0644\u062c\u0645\u064a\u0639 \u0627\u0644\u0636\u0631\u0627\u0626\u0628 (TTC)\u060c \u0648\u0628\u0627\u0644\u062a\u0627\u0644\u064a \u0641\u0625\u0646 \u0627\u0644\u0637\u0644\u0628\u0627\u062a \u062f\u0627\u062e\u0644 \u0627\u0644\u0645\u063a\u0631\u0628 \u062a\u064f\u0624\u062f\u0651\u064e\u0649 \u0628\u0627\u0644\u062f\u0631\u0647\u0645 \u0627\u0644\u0645\u063a\u0631\u0628\u064a.<\/p><p>\u0623\u0633\u0639\u0627\u0631 \u0627\u0644\u0645\u0646\u062a\u062c\u0627\u062a \u0642\u0627\u0628\u0644\u0629 \u0644\u0644\u062a\u063a\u064a\u064a\u0631. \u0648\u062a\u0628\u0642\u0649 \u0627\u0644\u0639\u0631\u0648\u0636 \u0627\u0644\u062a\u0631\u0648\u064a\u062c\u064a\u0629 \u0635\u0627\u0644\u062d\u0629 \u0641\u064a \u062d\u062f\u0648\u062f \u0627\u0644\u0643\u0645\u064a\u0627\u062a \u0627\u0644\u0645\u062a\u0648\u0641\u0631\u0629\u060c \u0648\u0642\u062f \u062a\u062e\u0636\u0639 \u0644\u0634\u0631\u0648\u0637 \u062e\u0627\u0635\u0629.<\/p><p><strong>\u0627\u0644\u0645\u0627\u062f\u0629 3 \u2013 \u0627\u0644\u062f\u0641\u0639<\/strong><br \/>\u064a\u064f\u0628\u064a\u0651\u064e\u0646 \u0627\u0644\u0645\u0628\u0644\u063a \u0627\u0644\u0648\u0627\u062c\u0628 \u0623\u062f\u0627\u0624\u0647 \u0645\u0646 \u0637\u0631\u0641 \u0627\u0644\u0632\u0628\u0648\u0646 \u0642\u0628\u0644 \u062a\u0623\u0643\u064a\u062f \u0627\u0644\u0637\u0644\u0628\u060c \u0628\u0639\u062f \u0625\u062f\u062e\u0627\u0644 \u0628\u064a\u0627\u0646\u0627\u062a\u0647 \u0639\u0644\u0649 \u0645\u0648\u0642\u0639\u0646\u0627 \u0627\u0644\u0625\u0644\u0643\u062a\u0631\u0648\u0646\u064a<br \/><a href=\"http:\/\/www.beauteancestrale.ma\">www.beauteancestrale.ma<\/a>.<\/p><p>\u064a\u062a\u0645 \u0627\u0644\u062f\u0641\u0639 \u0639\u0646\u062f \u0627\u0644\u062a\u0633\u0644\u064a\u0645.<\/p><p><strong>\u0627\u0644\u0645\u0627\u062f\u0629 4 \u2013 \u0627\u0644\u062a\u0648\u0635\u064a\u0644<\/strong><br \/>\u064a\u062a\u0645 \u062a\u0648\u0635\u064a\u0644 \u0627\u0644\u0645\u0646\u062a\u062c\u0627\u062a \u0639\u0628\u0631 \u0634\u0631\u0643\u0629 \u0645\u062a\u062e\u0635\u0635\u0629 \u0641\u064a \u062a\u0648\u0635\u064a\u0644 \u0637\u0631\u0648\u062f \u0627\u0644\u062a\u062c\u0627\u0631\u0629 \u0627\u0644\u0625\u0644\u0643\u062a\u0631\u0648\u0646\u064a\u0629 \u0639\u0644\u0649 \u0627\u0644\u0635\u0639\u064a\u062f \u0627\u0644\u0648\u0637\u0646\u064a (\u0634\u0631\u0643\u0629 \u0646\u0642\u0644).<\/p><p>\u0639\u0644\u0649 \u0633\u0628\u064a\u0644 \u0627\u0644\u0625\u0631\u0634\u0627\u062f\u060c \u0641\u0625\u0646 \u0645\u062f\u0629 \u0627\u0644\u062a\u0648\u0635\u064a\u0644 \u0625\u0644\u0649 \u0627\u0644\u0645\u062f\u0646 \u0627\u0644\u0643\u0628\u0631\u0649 \u0647\u064a 24 \u0633\u0627\u0639\u0629 (J+1\u060c \u0623\u064a \u0641\u064a \u0627\u0644\u064a\u0648\u0645 \u0627\u0644\u0645\u0648\u0627\u0644\u064a \u0644\u062a\u0623\u0643\u064a\u062f \u0627\u0644\u0637\u0644\u0628\u060c \u0628\u0627\u0633\u062a\u062b\u0646\u0627\u0621 \u0639\u0637\u0644\u0627\u062a \u0646\u0647\u0627\u064a\u0629 \u0627\u0644\u0623\u0633\u0628\u0648\u0639 \u0648\u0627\u0644\u0623\u0639\u064a\u0627\u062f).<\/p><p>\u0631\u0633\u0648\u0645 \u062a\u0648\u0635\u064a\u0644 \u0627\u0644\u0637\u0631\u062f \u0647\u064a 20 \u062f\u0631\u0647\u0645\u0627\u064b\u060c \u0648\u0642\u062f \u064a\u062a\u0645 \u0625\u0639\u0641\u0627\u0624\u0647\u0627 \u0644\u0644\u0632\u0628\u0648\u0646 \u0641\u064a \u0625\u0637\u0627\u0631 \u0627\u0644\u0639\u0631\u0648\u0636 \u0627\u0644\u062a\u0631\u0648\u064a\u062c\u064a\u0629.<\/p><p><strong>\u0627\u0644\u0645\u0627\u062f\u0629 5 \u2013 \u0633\u064a\u0627\u0633\u0629 \u0627\u0644\u0625\u0631\u062c\u0627\u0639<\/strong><br \/>\u0646\u0644\u062a\u0632\u0645 \u0628\u062a\u0642\u062f\u064a\u0645 \u0631\u0636\u0627 \u062a\u0627\u0645 \u0644\u0632\u0628\u0646\u0627\u0626\u0646\u0627 \u0639\u0646 \u062c\u0645\u064a\u0639 \u0645\u0646\u062a\u062c\u0627\u062a\u0646\u0627\u060c \u063a\u064a\u0631 \u0623\u0646\u0647 \u0648\u0628\u062d\u0643\u0645 \u0637\u0628\u064a\u0639\u0629 \u0647\u0630\u0647 \u0627\u0644\u0645\u0646\u062a\u062c\u0627\u062a \u0648\u0644\u0623\u0633\u0628\u0627\u0628 \u0635\u062d\u064a\u0629 \u0648\u0646\u0638\u0627\u0641\u0629\u060c \u0644\u0627 \u0646\u0642\u0628\u0644 \u0627\u0644\u0625\u0631\u062c\u0627\u0639 \u0623\u0648 \u0627\u0644\u0627\u0633\u062a\u0628\u062f\u0627\u0644.<\/p><p>\u0648\u0641\u064a \u062d\u0627\u0644\u0627\u062a \u0627\u0633\u062a\u062b\u0646\u0627\u0626\u064a\u0629\u060c \u0625\u0630\u0627 \u062a\u0645 \u062a\u0633\u0644\u064a\u0645 \u0627\u0644\u0645\u0646\u062a\u062c \u0641\u064a \u062d\u0627\u0644\u0629 \u0645\u0639\u064a\u0628\u0629 \u0623\u0648 \u063a\u064a\u0631 \u0645\u0637\u0627\u0628\u0642\u0629 \u0644\u0644\u0648\u0635\u0641 \u0627\u0644\u0648\u0627\u0631\u062f \u0641\u064a \u0645\u0648\u0642\u0639\u0646\u0627\u060c \u0646\u062d\u062a\u0641\u0638 \u0628\u0627\u0644\u062d\u0642 \u0641\u064a \u0645\u0646\u062d \u0627\u0633\u062a\u0628\u062f\u0627\u0644 \u0623\u0648 \u062a\u0639\u0648\u064a\u0636 \u0644\u0641\u0627\u0626\u062f\u0629 \u0627\u0644\u0632\u0628\u0648\u0646.<\/p><p>\u0648\u0641\u064a \u062d\u0627\u0644 \u0627\u0644\u0625\u0631\u062c\u0627\u0639\u060c \u062a\u0643\u0648\u0646 \u0645\u0635\u0627\u0631\u064a\u0641 \u0625\u0639\u0627\u062f\u0629 \u0627\u0644\u0645\u0646\u062a\u062c \u0639\u0644\u0649 \u0639\u0627\u062a\u0642 \u0627\u0644\u0632\u0628\u0648\u0646.<\/p><p><strong>\u0627\u0644\u0645\u0627\u062f\u0629 6 \u2013 \u0627\u0644\u0645\u0639\u0637\u064a\u0627\u062a \u0627\u0644\u0634\u062e\u0635\u064a\u0629<\/strong><br \/>\u0646\u0644\u062a\u0632\u0645 \u0628\u062d\u0645\u0627\u064a\u0629 \u0627\u0644\u0645\u0639\u0637\u064a\u0627\u062a \u0627\u0644\u0634\u062e\u0635\u064a\u0629 \u0627\u0644\u062a\u064a \u064a\u0642\u062f\u0651\u0645\u0647\u0627 \u0632\u0628\u0646\u0627\u0624\u0646\u0627.<\/p><p>\u062a\u064f\u0639\u0627\u0644\u064e\u062c \u062c\u0645\u064a\u0639 \u0627\u0644\u0628\u064a\u0627\u0646\u0627\u062a \u0627\u0644\u0634\u062e\u0635\u064a\u0629 \u0627\u0644\u062a\u064a \u064a\u062a\u0645 \u062c\u0645\u0639\u0647\u0627 \u0628\u0633\u0631\u064a\u0629 \u062a\u0627\u0645\u0629.<\/p><p><strong>\u0627\u0644\u0645\u0627\u062f\u0629 7 \u2013 \u0627\u0644\u0645\u0644\u0643\u064a\u0629 \u0627\u0644\u0641\u0643\u0631\u064a\u0629<\/strong><br \/>\u062c\u0645\u064a\u0639 \u0639\u0646\u0627\u0635\u0631 \u0645\u0648\u0642\u0639 <a href=\"http:\/\/www.beauteancestrale.ma\">www.beauteancestrale.ma<\/a> \u0647\u064a \u0645\u0644\u0643\u064a\u0629 \u0641\u0643\u0631\u064a\u0629 \u0648\u062d\u0635\u0631\u064a\u0629 \u0644\u0639\u0644\u0627\u0645\u0629<br \/>Beaut\u00e9 Ancestrale\u00ae (\u0639\u0644\u0627\u0645\u0629 \u0645\u063a\u0631\u0628\u064a\u0629 \u0645\u0633\u062c\u0644\u0629).<\/p><p>\u0644\u0627 \u064a\u064f\u0633\u0645\u062d \u0644\u0623\u064a \u0634\u062e\u0635 \u0628\u0646\u0633\u062e \u0623\u0648 \u0625\u0639\u0627\u062f\u0629 \u0625\u0646\u062a\u0627\u062c \u0623\u0648 \u0627\u0633\u062a\u063a\u0644\u0627\u0644 \u0623\u0648 \u0625\u0639\u0627\u062f\u0629 \u0646\u0634\u0631 \u0623\u0648 \u0627\u0633\u062a\u062e\u062f\u0627\u0645 \u0623\u064a \u0639\u0646\u0635\u0631 \u0645\u0646 \u0639\u0646\u0627\u0635\u0631 \u0627\u0644\u0645\u0648\u0642\u0639\u060c \u0628\u0623\u064a \u0634\u0643\u0644 \u0645\u0646 \u0627\u0644\u0623\u0634\u0643\u0627\u0644.<\/p><p><strong>\u0627\u0644\u0645\u0627\u062f\u0629 8 \u2013 \u0645\u0644\u0641\u0627\u062a \u062a\u0639\u0631\u064a\u0641 \u0627\u0644\u0627\u0631\u062a\u0628\u0627\u0637 (Cookies)<\/strong><br \/>\u0645\u0644\u0641\u0627\u062a \u062a\u0639\u0631\u064a\u0641 \u0627\u0644\u0627\u0631\u062a\u0628\u0627\u0637 \u0627\u0644\u0648\u062d\u064a\u062f\u0629 \u0627\u0644\u062a\u064a \u062a\u0646\u0634\u0626\u0647\u0627 Beaut\u00e9 Ancestrale\u00ae \u0647\u064a \u0645\u0644\u0641\u0627\u062a \u0627\u0644\u062c\u0644\u0633\u0629\u060c \u0648\u0627\u0644\u062a\u064a \u064a\u062a\u0645 \u062d\u0630\u0641\u0647\u0627 \u0639\u0646\u062f \u062a\u0633\u062c\u064a\u0644 \u0627\u0644\u062e\u0631\u0648\u062c \u0645\u0646 \u0627\u0644\u0645\u0648\u0642\u0639.<\/p><p><strong>\u0627\u0644\u0645\u0627\u062f\u0629 9 \u2013 \u0627\u0644\u0642\u0648\u0629 \u0627\u0644\u0642\u0627\u0647\u0631\u0629<\/strong><br \/>\u0644\u0627 \u062a\u0643\u0648\u0646 Beaut\u00e9 Ancestrale\u00ae \u0645\u0644\u0632\u064e\u0645\u0629 \u0628\u062a\u0646\u0641\u064a\u0630 \u0627\u0644\u062a\u0632\u0627\u0645\u0627\u062a\u0647\u0627 \u0625\u0644\u0627 \u0641\u064a \u062d\u062f\u0648\u062f \u0639\u062f\u0645 \u0648\u062c\u0648\u062f \u062d\u062f\u062b \u0645\u0646 \u0623\u062d\u062f\u0627\u062b \u0627\u0644\u0642\u0648\u0629 \u0627\u0644\u0642\u0627\u0647\u0631\u0629 \u0627\u0644\u0630\u064a \u0642\u062f \u064a\u0639\u0631\u0642\u0644 \u062a\u0646\u0641\u064a\u0630\u0647\u0627.<\/p><p><strong>\u0627\u0644\u0645\u0627\u062f\u0629 10 \u2013 \u0627\u0644\u0627\u062e\u062a\u0635\u0627\u0635 \u0627\u0644\u0642\u0636\u0627\u0626\u064a \u0648\u0627\u0644\u0642\u0648\u0627\u0646\u064a\u0646 \u0627\u0644\u0645\u0637\u0628\u0651\u064e\u0642\u0629<\/strong><br \/>\u0641\u064a \u062c\u0645\u064a\u0639 \u062d\u0627\u0644\u0627\u062a \u0627\u0644\u0646\u0632\u0627\u0639\u060c \u062a\u0644\u062a\u0632\u0645 Beaut\u00e9 Ancestrale\u00ae \u0628\u0628\u0630\u0644 \u0643\u0644 \u0627\u0644\u062c\u0647\u0648\u062f \u0627\u0644\u0645\u0645\u0643\u0646\u0629 \u0644\u0644\u062a\u0648\u0635\u0644 \u0625\u0644\u0649 \u062d\u0644 \u0648\u062f\u064a.<\/p><p>\u062a\u062e\u0636\u0639 \u0627\u0644\u0634\u0631\u0648\u0637 \u0627\u0644\u0639\u0627\u0645\u0629 \u0644\u0644\u0628\u064a\u0639 \u0644\u0644\u0642\u0627\u0646\u0648\u0646 \u0627\u0644\u0645\u063a\u0631\u0628\u064a\u060c \u0648\u0643\u0644 \u0646\u0632\u0627\u0639 \u0642\u062f \u064a\u0646\u0634\u0623 \u0639\u0646\u0647\u0627 \u064a\u064f\u0639\u0631\u0636 \u0639\u0644\u0649 \u0627\u0644\u0645\u062d\u0643\u0645\u0629 \u0627\u0644\u062a\u062c\u0627\u0631\u064a\u0629 \u0628\u0627\u0644\u062f\u0627\u0631 \u0627\u0644\u0628\u064a\u0636\u0627\u0621.<\/p><p>\u0644\u0627 \u062a\u062a\u062d\u0645\u0644 Beaut\u00e9 Ancestrale\u00ae \u0623\u064a \u0645\u0633\u0624\u0648\u0644\u064a\u0629 \u0641\u064a \u062d\u0627\u0644\u0629 \u0633\u0648\u0621 \u0627\u0633\u062a\u0639\u0645\u0627\u0644 \u0645\u0646\u062a\u062c\u0627\u062a\u0647\u0627.<\/p><\/div><\/section>\t\t\t\t\t\t\t\t<\/div>\n\t\t\t\t\t<\/div>\n\t\t\t\t<\/div>\n\t\t\t\t<\/div>","protected":false},"excerpt":{"rendered":"<p>Les pr\u00e9sentes conditions g\u00e9n\u00e9rales de vente s\u2019appliquent \u00e0 toutes commandes pass\u00e9es sur le site Internet www.beauteancestrale.ma, En utilisant ce site Internet, vous acceptez les termes d\u2019utilisation stipul\u00e9es ci-apr\u00e8s\u00a0; ARTICLE 1 \u2013 DUR\u00c9ELes pr\u00e9sentes conditions s&rsquo;appliquent pendant toute la dur\u00e9e de mise en ligne des articles mis en vente sur notre site www.beauteancestrale.ma ARTICLE 2 \u2013 [&hellip;]<\/p>\n","protected":false},"author":1,"featured_media":0,"parent":0,"menu_order":0,"comment_status":"closed","ping_status":"closed","template":"","meta":{"footnotes":""},"class_list":["post-2150","page","type-page","status-publish","hentry"],"_links":{"self":[{"href":"https:\/\/beauteancestrale.com\/ar\/wp-json\/wp\/v2\/pages\/2150","targetHints":{"allow":["GET"]}}],"collection":[{"href":"https:\/\/beauteancestrale.com\/ar\/wp-json\/wp\/v2\/pages"}],"about":[{"href":"https:\/\/beauteancestrale.com\/ar\/wp-json\/wp\/v2\/types\/page"}],"author":[{"embeddable":true,"href":"https:\/\/beauteancestrale.com\/ar\/wp-json\/wp\/v2\/users\/1"}],"replies":[{"embeddable":true,"href":"https:\/\/beauteancestrale.com\/ar\/wp-json\/wp\/v2\/comments?post=2150"}],"version-history":[{"count":12,"href":"https:\/\/beauteancestrale.com\/ar\/wp-json\/wp\/v2\/pages\/2150\/revisions"}],"predecessor-version":[{"id":2696,"href":"https:\/\/beauteancestrale.com\/ar\/wp-json\/wp\/v2\/pages\/2150\/revisions\/2696"}],"wp:attachment":[{"href":"https:\/\/beauteancestrale.com\/ar\/wp-json\/wp\/v2\/media?parent=2150"}],"curies":[{"name":"wp","href":"https:\/\/api.w.org\/{rel}","templated":true}]}}